{"id":117,"date":"2024-01-25T16:39:53","date_gmt":"2024-01-25T15:39:53","guid":{"rendered":"https:\/\/www.kitzimboot.at\/?page_id=117"},"modified":"2025-09-08T15:51:41","modified_gmt":"2025-09-08T13:51:41","slug":"eventinfo","status":"publish","type":"page","link":"https:\/\/www.kitzimboot.at\/index.php\/eventinfo\/","title":{"rendered":"Gemeinsam paddeln f\u00fcr einen guten Zweck"},"content":{"rendered":"\r\n<h3 class=\"wp-block-heading\">Charity-Teamevent am Schwarzsee<\/h3>\r\n\r\n\r\n\r\n<p>Erlebe Spa\u00df, Wettkampf und Teamgeist am Schwarzsee! Unterst\u00fctze mit deinem Team das Serviceprojekt des Club 41 Kitzb\u00fchel! Wir laden dich mit deinem Team zum sportlichen Wettkampf um den Sieg ein!<\/p>\r\n\r\n\r\n\r\n<p><strong>Termin:\u00a0<\/strong><br \/><strong>Wie und Was: <\/strong> &gt; max 17 Paddlerinnen in einem Boot (Firmen, Vereine, Institutionrn, &#8230;)<br \/>Trainings-, Ausscheidungs- und Finall\u00e4ufe<br \/><strong>Boote: <\/strong> Drachenboote<br \/><strong>Ort:<\/strong> Schwarzsee, Kitzb\u00fchel<br \/><br \/>F\u00fcr das leibliche Wohl mit musikalischer Unterhaltung wird bestens gesorgt! Nutze die einmalige Gelegenheit zu einem lustigen, sportlichen und karitativen Teamevent!<\/p>\r\n\r\n\r\n\r\n<p>________________________________________________________________________________________________<\/p>\r\n\r\n\r\n\r\n<h3 class=\"wp-block-heading\">Drachenbootfahren der Sch\u00fcler<\/h3>\r\n\r\n\r\n\r\n<p>An den zwei Tagen vorher haben die Sch\u00fcler der Mittelschulen aus dem Bezirk die M\u00f6glichkeit mit den Drachenbooten den Schwarzsee zu befahren. Die perfekte Gelegenheit zu Schulbeginn seine Mitsch\u00fcler bei einer sportlichen Aktivit\u00e4t kennen zu lernen.<\/p>\r\n\r\n\r\n\r\n<p>___________________________________________________________________________________________________<\/p>\r\n\r\n\r\n\r\n<h3 class=\"wp-block-heading\">Das Serviceprojekt &#8222;f\u00fcr ein Kinderl\u00e4cheln&#8220;<\/h3>\r\n\r\n\r\n\r\n<p>Der Club 41 Kitzb\u00fchel international initiierte das Projekt &#8222;f\u00fcr ein Kinderl\u00e4cheln&#8220; um bed\u00fcrftigen Kindern in der Region zu helfen.<br \/>N\u00e4here Informationen finden Sie unter:<strong><a href=\"https:\/\/kinderlaecheln.at\" data-type=\"link\" data-id=\"https:\/\/kinderlaecheln.at\"> kinderlaecheln.at<\/a><\/strong><\/p>\r\n\r\n\r\n\r\n<figure class=\"wp-block-image size-large is-resized\"><img loading=\"lazy\" decoding=\"async\" width=\"1024\" height=\"651\" class=\"wp-image-173\" style=\"width: 304px; height: auto;\" src=\"https:\/\/www.kitzimboot.at\/wp-content\/uploads\/2024\/01\/Logo_04-1024x651.png\" alt=\"\" srcset=\"https:\/\/www.kitzimboot.at\/wp-content\/uploads\/2024\/01\/Logo_04-1024x651.png 1024w, https:\/\/www.kitzimboot.at\/wp-content\/uploads\/2024\/01\/Logo_04-300x191.png 300w, https:\/\/www.kitzimboot.at\/wp-content\/uploads\/2024\/01\/Logo_04-768x488.png 768w, https:\/\/www.kitzimboot.at\/wp-content\/uploads\/2024\/01\/Logo_04-1536x977.png 1536w, https:\/\/www.kitzimboot.at\/wp-content\/uploads\/2024\/01\/Logo_04-2048x1302.png 2048w\" sizes=\"auto, (max-width: 1024px) 100vw, 1024px\" \/><\/figure>\r\n","protected":false},"excerpt":{"rendered":"<p>Charity-Teamevent am Schwarzsee Erlebe Spa\u00df, Wettkampf und Teamgeist am Schwarzsee! Unterst\u00fctze mit deinem Team das Serviceprojekt des Club 41 Kitzb\u00fchel! Wir laden dich mit deinem Team zum sportlichen Wettkampf um den Sieg ein! Termin:\u00a0Wie und Was: &gt; max 17 Paddlerinnen in einem Boot (Firmen, Vereine, Institutionrn, &#8230;)Trainings-, Ausscheidungs- und Finall\u00e4ufeBoote: DrachenbooteOrt: Schwarzsee, Kitzb\u00fchel F\u00fcr das [&hellip;]<\/p>\n","protected":false},"author":1,"featured_media":0,"parent":0,"menu_order":0,"comment_status":"closed","ping_status":"closed","template":"","meta":{"pgc_sgb_lightbox_settings":"","footnotes":""},"class_list":["post-117","page","type-page","status-publish","hentry"],"_links":{"self":[{"href":"https:\/\/www.kitzimboot.at\/index.php\/wp-json\/wp\/v2\/pages\/117","targetHints":{"allow":["GET"]}}],"collection":[{"href":"https:\/\/www.kitzimboot.at\/index.php\/wp-json\/wp\/v2\/pages"}],"about":[{"href":"https:\/\/www.kitzimboot.at\/index.php\/wp-json\/wp\/v2\/types\/page"}],"author":[{"embeddable":true,"href":"https:\/\/www.kitzimboot.at\/index.php\/wp-json\/wp\/v2\/users\/1"}],"replies":[{"embeddable":true,"href":"https:\/\/www.kitzimboot.at\/index.php\/wp-json\/wp\/v2\/comments?post=117"}],"version-history":[{"count":5,"href":"https:\/\/www.kitzimboot.at\/index.php\/wp-json\/wp\/v2\/pages\/117\/revisions"}],"predecessor-version":[{"id":250,"href":"https:\/\/www.kitzimboot.at\/index.php\/wp-json\/wp\/v2\/pages\/117\/revisions\/250"}],"wp:attachment":[{"href":"https:\/\/www.kitzimboot.at\/index.php\/wp-json\/wp\/v2\/media?parent=117"}],"curies":[{"name":"wp","href":"https:\/\/api.w.org\/{rel}","templated":true}]}}